{"id":3862,"date":"2025-08-05T20:15:20","date_gmt":"2025-08-05T18:15:20","guid":{"rendered":"https:\/\/rec-on.es\/?page_id=3862"},"modified":"2025-08-05T20:20:19","modified_gmt":"2025-08-05T18:20:19","slug":"zrownowazone-wakacje","status":"publish","type":"page","link":"https:\/\/rec-on.es\/pl\/zrownowazone-wakacje\/","title":{"rendered":"Zr\u00f3wnowa\u017cone WAKACJE ca\u0142y rok"},"content":{"rendered":"<p>Pokoje w Rezydencji Artystycznej REC.ON<\/p>\n<p>1 osoba \/ prywatny pok\u00f3j jednoosobowy<\/p>\n<p>1 tydzie\u0144 \u2013 280 EUR<\/p>\n<p>2 tygodnie \u2013 500 EUR<\/p>\n<p>2 osoby \/ prywatny pok\u00f3j dwuosobowy<\/p>\n<p>1 tydzie\u0144 \u2013 500 EUR<\/p>\n<p>2 tygodnie \u2013 900 EUR<\/p>\n","protected":false},"excerpt":{"rendered":"<p>Pokoje w Rezydencji Artystycznej REC.ON 1 osoba \/ prywatny pok\u00f3j jednoosobowy 1 tydzie\u0144 \u2013 280 EUR 2 tygodnie \u2013 500 EUR 2 osoby \/ prywatny pok\u00f3j dwuosobowy 1 tydzie\u0144 \u2013 500 EUR 2 tygodnie \u2013 900 EUR<\/p>\n","protected":false},"author":4,"featured_media":0,"parent":0,"menu_order":0,"comment_status":"closed","ping_status":"closed","template":"project.php","meta":{"_acf_changed":false,"footnotes":""},"class_list":["post-3862","page","type-page","status-publish","hentry"],"acf":[],"_links":{"self":[{"href":"https:\/\/rec-on.es\/pl\/wp-json\/wp\/v2\/pages\/3862","targetHints":{"allow":["GET"]}}],"collection":[{"href":"https:\/\/rec-on.es\/pl\/wp-json\/wp\/v2\/pages"}],"about":[{"href":"https:\/\/rec-on.es\/pl\/wp-json\/wp\/v2\/types\/page"}],"author":[{"embeddable":true,"href":"https:\/\/rec-on.es\/pl\/wp-json\/wp\/v2\/users\/4"}],"replies":[{"embeddable":true,"href":"https:\/\/rec-on.es\/pl\/wp-json\/wp\/v2\/comments?post=3862"}],"version-history":[{"count":5,"href":"https:\/\/rec-on.es\/pl\/wp-json\/wp\/v2\/pages\/3862\/revisions"}],"predecessor-version":[{"id":3867,"href":"https:\/\/rec-on.es\/pl\/wp-json\/wp\/v2\/pages\/3862\/revisions\/3867"}],"wp:attachment":[{"href":"https:\/\/rec-on.es\/pl\/wp-json\/wp\/v2\/media?parent=3862"}],"curies":[{"name":"wp","href":"https:\/\/api.w.org\/{rel}","templated":true}]}}